{"id":67199,"date":"2016-03-03T16:38:54","date_gmt":"2016-03-03T16:38:54","guid":{"rendered":"http:\/\/wp.martech.ca\/index.php\/produit\/p-120-2\/"},"modified":"2016-04-04T14:15:33","modified_gmt":"2016-04-04T14:15:33","slug":"p-120-2","status":"publish","type":"product","link":"https:\/\/www.martech.qc.ca\/index\/produit\/p-120-2\/","title":{"rendered":"P-120-2"},"content":{"rendered":"<p>Les panneaux \u00ab Trajet obligatoire pour certaines cat\u00e9gories de v\u00e9hicules \u00bb<br \/>\n(P-120) indiquent aux conducteurs de la cat\u00e9gorie de v\u00e9hicules illustr\u00e9e sur les panneaux P-120-1 \u00e0 P-120-3 ainsi qu\u2019aux transporteurs de mati\u00e8res dangereuses P-120-4 n\u00e9cessitant la fixation de plaques sur le v\u00e9hicule, suivant le R\u00e8glement sur le transport des mati\u00e8res dangereuses (D\u00e9cret 674-88 du 4 mai 1988), les trajets qu\u2019ils doivent emprunter.<\/p>\n","protected":false},"excerpt":{"rendered":"<p>Les panneaux \u00ab Trajet obligatoire pour certaines cat\u00e9gories de v\u00e9hicules \u00bb<br \/>\n(P-120) indiquent aux conducteurs de la cat\u00e9gorie de v\u00e9hicules illustr\u00e9e sur les panneaux P-120-1 \u00e0 P-120-3 ainsi qu\u2019aux transporteurs de mati\u00e8res dangereuses P-120-4 n\u00e9cessitant la fixation de plaques sur le v\u00e9hicule, suivant le R\u00e8glement sur le transport des mati\u00e8res dangereuses (D\u00e9cret 674-88 du 4 mai 1988), les trajets qu\u2019ils doivent emprunter.<\/p>\n<p><a href=\"http:\/\/www.martech.qc.ca\/index.php\/contact\/\" rel=\"attachment wp-att-66946\"><img loading=\"lazy\" decoding=\"async\" class=\"alignnone wp-image-66946 size-full\" src=\"http:\/\/www.martech.qc.ca\/wp-content\/uploads\/2016\/02\/CONTACT_C.jpg\" alt=\"Contactez-nous pour une soumission gratuite!\" width=\"560\" height=\"74\" srcset=\"https:\/\/www.martech.qc.ca\/index\/wp-content\/uploads\/2016\/02\/CONTACT_C.jpg 560w, https:\/\/www.martech.qc.ca\/index\/wp-content\/uploads\/2016\/02\/CONTACT_C-300x40.jpg 300w\" sizes=\"(max-width: 560px) 100vw, 560px\" \/><\/a><\/p>\n","protected":false},"featured_media":67200,"comment_status":"closed","ping_status":"closed","template":"","meta":{"_acf_changed":false},"product_cat":[32],"product_tag":[],"acf":[],"_links":{"self":[{"href":"https:\/\/www.martech.qc.ca\/index\/wp-json\/wp\/v2\/product\/67199"}],"collection":[{"href":"https:\/\/www.martech.qc.ca\/index\/wp-json\/wp\/v2\/product"}],"about":[{"href":"https:\/\/www.martech.qc.ca\/index\/wp-json\/wp\/v2\/types\/product"}],"replies":[{"embeddable":true,"href":"https:\/\/www.martech.qc.ca\/index\/wp-json\/wp\/v2\/comments?post=67199"}],"wp:featuredmedia":[{"embeddable":true,"href":"https:\/\/www.martech.qc.ca\/index\/wp-json\/wp\/v2\/media\/67200"}],"wp:attachment":[{"href":"https:\/\/www.martech.qc.ca\/index\/wp-json\/wp\/v2\/media?parent=67199"}],"wp:term":[{"taxonomy":"product_cat","embeddable":true,"href":"https:\/\/www.martech.qc.ca\/index\/wp-json\/wp\/v2\/product_cat?post=67199"},{"taxonomy":"product_tag","embeddable":true,"href":"https:\/\/www.martech.qc.ca\/index\/wp-json\/wp\/v2\/product_tag?post=67199"}],"curies":[{"name":"wp","href":"https:\/\/api.w.org\/{rel}","templated":true}]}}