{"id":67195,"date":"2016-03-03T16:31:16","date_gmt":"2016-03-03T16:31:16","guid":{"rendered":"http:\/\/wp.martech.ca\/index.php\/produit\/p-115-1-mtl\/"},"modified":"2016-04-04T14:14:29","modified_gmt":"2016-04-04T14:14:29","slug":"p-115-1-mtl","status":"publish","type":"product","link":"https:\/\/www.martech.qc.ca\/index\/produit\/p-115-1-mtl\/","title":{"rendered":"P-115-1-mtl"},"content":{"rendered":"<p>Ce panneau indique qu&rsquo;il est interdit, sur le territoire de l&rsquo;\u00eele de Montr\u00e9al, de virer \u00e0 droite lorsque le feu est rouge.<\/p>\n","protected":false},"excerpt":{"rendered":"<p>Ce panneau indique qu&rsquo;il est interdit, sur le territoire de l&rsquo;\u00eele de Montr\u00e9al, de virer \u00e0 droite lorsque le feu est rouge.<\/p>\n<p><a href=\"http:\/\/www.martech.qc.ca\/index.php\/contact\/\" rel=\"attachment wp-att-66946\"><img loading=\"lazy\" decoding=\"async\" class=\"alignnone wp-image-66946 size-full\" src=\"http:\/\/www.martech.qc.ca\/wp-content\/uploads\/2016\/02\/CONTACT_C.jpg\" alt=\"Contactez-nous pour une soumission gratuite!\" width=\"560\" height=\"74\" srcset=\"https:\/\/www.martech.qc.ca\/index\/wp-content\/uploads\/2016\/02\/CONTACT_C.jpg 560w, https:\/\/www.martech.qc.ca\/index\/wp-content\/uploads\/2016\/02\/CONTACT_C-300x40.jpg 300w\" sizes=\"(max-width: 560px) 100vw, 560px\" \/><\/a><\/p>\n","protected":false},"featured_media":67196,"comment_status":"closed","ping_status":"closed","template":"","meta":{"_acf_changed":false},"product_cat":[32],"product_tag":[],"acf":[],"_links":{"self":[{"href":"https:\/\/www.martech.qc.ca\/index\/wp-json\/wp\/v2\/product\/67195"}],"collection":[{"href":"https:\/\/www.martech.qc.ca\/index\/wp-json\/wp\/v2\/product"}],"about":[{"href":"https:\/\/www.martech.qc.ca\/index\/wp-json\/wp\/v2\/types\/product"}],"replies":[{"embeddable":true,"href":"https:\/\/www.martech.qc.ca\/index\/wp-json\/wp\/v2\/comments?post=67195"}],"wp:featuredmedia":[{"embeddable":true,"href":"https:\/\/www.martech.qc.ca\/index\/wp-json\/wp\/v2\/media\/67196"}],"wp:attachment":[{"href":"https:\/\/www.martech.qc.ca\/index\/wp-json\/wp\/v2\/media?parent=67195"}],"wp:term":[{"taxonomy":"product_cat","embeddable":true,"href":"https:\/\/www.martech.qc.ca\/index\/wp-json\/wp\/v2\/product_cat?post=67195"},{"taxonomy":"product_tag","embeddable":true,"href":"https:\/\/www.martech.qc.ca\/index\/wp-json\/wp\/v2\/product_tag?post=67195"}],"curies":[{"name":"wp","href":"https:\/\/api.w.org\/{rel}","templated":true}]}}