{"id":67191,"date":"2016-03-03T16:21:38","date_gmt":"2016-03-03T16:21:38","guid":{"rendered":"http:\/\/wp.martech.ca\/index.php\/produit\/p-110-p-5\/"},"modified":"2017-02-08T18:43:39","modified_gmt":"2017-02-08T18:43:39","slug":"p-110-p-5","status":"publish","type":"product","link":"https:\/\/www.martech.qc.ca\/index\/produit\/p-110-p-5\/","title":{"rendered":"P-110-P-5"},"content":{"rendered":"<p>Lorsque l\u2019obligation ou l\u2019interdiction est de dur\u00e9e limit\u00e9e ou ne s\u2019applique pas \u00e0 certaines cat\u00e9gories de v\u00e9hicules, les panonceaux appropri\u00e9s P-110-P doivent \u00eatre fix\u00e9s au-dessous des panneaux P-110.<\/p>\n","protected":false},"excerpt":{"rendered":"<p>Lorsque l\u2019obligation ou l\u2019interdiction est de dur\u00e9e limit\u00e9e ou ne s\u2019applique pas \u00e0 certaines cat\u00e9gories de v\u00e9hicules, les panonceaux appropri\u00e9s P-110-P doivent \u00eatre fix\u00e9s au-dessous des panneaux P-110.<\/p>\n<p><a href=\"http:\/\/www.martech.qc.ca\/index.php\/contact\/\" rel=\"attachment wp-att-66946\"><img loading=\"lazy\" decoding=\"async\" class=\"alignnone wp-image-66946 size-full\" src=\"http:\/\/www.martech.qc.ca\/wp-content\/uploads\/2016\/02\/CONTACT_C.jpg\" alt=\"Contactez-nous pour une soumission gratuite!\" width=\"560\" height=\"74\" srcset=\"https:\/\/www.martech.qc.ca\/index\/wp-content\/uploads\/2016\/02\/CONTACT_C.jpg 560w, https:\/\/www.martech.qc.ca\/index\/wp-content\/uploads\/2016\/02\/CONTACT_C-300x40.jpg 300w\" sizes=\"(max-width: 560px) 100vw, 560px\" \/><\/a><\/p>\n","protected":false},"featured_media":67192,"comment_status":"closed","ping_status":"closed","template":"","meta":{"_acf_changed":false},"product_cat":[51,32],"product_tag":[],"acf":[],"_links":{"self":[{"href":"https:\/\/www.martech.qc.ca\/index\/wp-json\/wp\/v2\/product\/67191"}],"collection":[{"href":"https:\/\/www.martech.qc.ca\/index\/wp-json\/wp\/v2\/product"}],"about":[{"href":"https:\/\/www.martech.qc.ca\/index\/wp-json\/wp\/v2\/types\/product"}],"replies":[{"embeddable":true,"href":"https:\/\/www.martech.qc.ca\/index\/wp-json\/wp\/v2\/comments?post=67191"}],"wp:featuredmedia":[{"embeddable":true,"href":"https:\/\/www.martech.qc.ca\/index\/wp-json\/wp\/v2\/media\/67192"}],"wp:attachment":[{"href":"https:\/\/www.martech.qc.ca\/index\/wp-json\/wp\/v2\/media?parent=67191"}],"wp:term":[{"taxonomy":"product_cat","embeddable":true,"href":"https:\/\/www.martech.qc.ca\/index\/wp-json\/wp\/v2\/product_cat?post=67191"},{"taxonomy":"product_tag","embeddable":true,"href":"https:\/\/www.martech.qc.ca\/index\/wp-json\/wp\/v2\/product_tag?post=67191"}],"curies":[{"name":"wp","href":"https:\/\/api.w.org\/{rel}","templated":true}]}}