{"id":67154,"date":"2016-03-03T15:19:56","date_gmt":"2016-03-03T15:19:56","guid":{"rendered":"http:\/\/wp.martech.ca\/index.php\/produit\/p-100-12-g\/"},"modified":"2016-04-04T14:12:32","modified_gmt":"2016-04-04T14:12:32","slug":"p-100-12-g","status":"publish","type":"product","link":"https:\/\/www.martech.qc.ca\/index\/produit\/p-100-12-g\/","title":{"rendered":"P-100-12-G"},"content":{"rendered":"<p>Les panneaux et les panonceaux \u00abDirection des voies\u00bb (P-100) indiquent, pour les voies vis\u00e9es ce qui suit: Voie de gauche : tourner \u00e0 gauche et voie de droite: tourner \u00e0 gauche, aller tout droit ou tourner \u00e0 droite<\/p>\n","protected":false},"excerpt":{"rendered":"<p>Les panneaux et les panonceaux \u00abDirection des voies\u00bb (P-100) indiquent, pour les voies vis\u00e9es ce qui suit: Voie de gauche : tourner \u00e0 gauche et voie de droite: tourner \u00e0 gauche, aller tout droit ou tourner \u00e0 droite<\/p>\n<p><a href=\"http:\/\/www.martech.qc.ca\/index.php\/contact\/\" rel=\"attachment wp-att-66946\"><img loading=\"lazy\" decoding=\"async\" class=\"alignnone wp-image-66946 size-full\" src=\"http:\/\/www.martech.qc.ca\/wp-content\/uploads\/2016\/02\/CONTACT_C.jpg\" alt=\"Contactez-nous pour une soumission gratuite!\" width=\"560\" height=\"74\" srcset=\"https:\/\/www.martech.qc.ca\/index\/wp-content\/uploads\/2016\/02\/CONTACT_C.jpg 560w, https:\/\/www.martech.qc.ca\/index\/wp-content\/uploads\/2016\/02\/CONTACT_C-300x40.jpg 300w\" sizes=\"(max-width: 560px) 100vw, 560px\" \/><\/a><\/p>\n","protected":false},"featured_media":67155,"comment_status":"closed","ping_status":"closed","template":"","meta":{"_acf_changed":false},"product_cat":[32],"product_tag":[],"acf":[],"_links":{"self":[{"href":"https:\/\/www.martech.qc.ca\/index\/wp-json\/wp\/v2\/product\/67154"}],"collection":[{"href":"https:\/\/www.martech.qc.ca\/index\/wp-json\/wp\/v2\/product"}],"about":[{"href":"https:\/\/www.martech.qc.ca\/index\/wp-json\/wp\/v2\/types\/product"}],"replies":[{"embeddable":true,"href":"https:\/\/www.martech.qc.ca\/index\/wp-json\/wp\/v2\/comments?post=67154"}],"wp:featuredmedia":[{"embeddable":true,"href":"https:\/\/www.martech.qc.ca\/index\/wp-json\/wp\/v2\/media\/67155"}],"wp:attachment":[{"href":"https:\/\/www.martech.qc.ca\/index\/wp-json\/wp\/v2\/media?parent=67154"}],"wp:term":[{"taxonomy":"product_cat","embeddable":true,"href":"https:\/\/www.martech.qc.ca\/index\/wp-json\/wp\/v2\/product_cat?post=67154"},{"taxonomy":"product_tag","embeddable":true,"href":"https:\/\/www.martech.qc.ca\/index\/wp-json\/wp\/v2\/product_tag?post=67154"}],"curies":[{"name":"wp","href":"https:\/\/api.w.org\/{rel}","templated":true}]}}