{"id":67152,"date":"2016-03-03T15:18:23","date_gmt":"2016-03-03T15:18:23","guid":{"rendered":"http:\/\/wp.martech.ca\/index.php\/produit\/p-100-11-p-2\/"},"modified":"2016-04-04T14:12:27","modified_gmt":"2016-04-04T14:12:27","slug":"p-100-11-p-2","status":"publish","type":"product","link":"https:\/\/www.martech.qc.ca\/index\/produit\/p-100-11-p-2\/","title":{"rendered":"P-100-11-P-2"},"content":{"rendered":"<p>Les panonceaux \u00abvoies de gauche ou droite\u00bb (P-100-11-P) indiquent les voies vis\u00e9es par le panneau direction des voies. Lorsqu\u2019il y a plus de 3 voies de circulation dans le m\u00eame sens, les panonceaux P-100-2-P et P-100-11-P doivent accompagner les panneaux appropri\u00e9s P-100-2 et P-100-11 plac\u00e9s en position lat\u00e9rale.<\/p>\n","protected":false},"excerpt":{"rendered":"<p>Les panonceaux \u00abvoies de gauche ou droite\u00bb (P-100-11-P) indiquent les voies vis\u00e9es par le panneau direction des voies. Lorsqu\u2019il y a plus de 3 voies de circulation dans le m\u00eame sens, les panonceaux P-100-2-P et P-100-11-P doivent accompagner les panneaux appropri\u00e9s P-100-2 et P-100-11 plac\u00e9s en position lat\u00e9rale.<\/p>\n<p><a href=\"http:\/\/www.martech.qc.ca\/index.php\/contact\/\" rel=\"attachment wp-att-66946\"><img loading=\"lazy\" decoding=\"async\" class=\"alignnone wp-image-66946 size-full\" src=\"http:\/\/www.martech.qc.ca\/wp-content\/uploads\/2016\/02\/CONTACT_C.jpg\" alt=\"Contactez-nous pour une soumission gratuite!\" width=\"560\" height=\"74\" srcset=\"https:\/\/www.martech.qc.ca\/index\/wp-content\/uploads\/2016\/02\/CONTACT_C.jpg 560w, https:\/\/www.martech.qc.ca\/index\/wp-content\/uploads\/2016\/02\/CONTACT_C-300x40.jpg 300w\" sizes=\"(max-width: 560px) 100vw, 560px\" \/><\/a><\/p>\n","protected":false},"featured_media":67153,"comment_status":"closed","ping_status":"closed","template":"","meta":{"_acf_changed":false},"product_cat":[32],"product_tag":[],"acf":[],"_links":{"self":[{"href":"https:\/\/www.martech.qc.ca\/index\/wp-json\/wp\/v2\/product\/67152"}],"collection":[{"href":"https:\/\/www.martech.qc.ca\/index\/wp-json\/wp\/v2\/product"}],"about":[{"href":"https:\/\/www.martech.qc.ca\/index\/wp-json\/wp\/v2\/types\/product"}],"replies":[{"embeddable":true,"href":"https:\/\/www.martech.qc.ca\/index\/wp-json\/wp\/v2\/comments?post=67152"}],"wp:featuredmedia":[{"embeddable":true,"href":"https:\/\/www.martech.qc.ca\/index\/wp-json\/wp\/v2\/media\/67153"}],"wp:attachment":[{"href":"https:\/\/www.martech.qc.ca\/index\/wp-json\/wp\/v2\/media?parent=67152"}],"wp:term":[{"taxonomy":"product_cat","embeddable":true,"href":"https:\/\/www.martech.qc.ca\/index\/wp-json\/wp\/v2\/product_cat?post=67152"},{"taxonomy":"product_tag","embeddable":true,"href":"https:\/\/www.martech.qc.ca\/index\/wp-json\/wp\/v2\/product_tag?post=67152"}],"curies":[{"name":"wp","href":"https:\/\/api.w.org\/{rel}","templated":true}]}}