{"id":67031,"date":"2016-02-29T15:10:42","date_gmt":"2016-02-29T15:10:42","guid":{"rendered":"http:\/\/wp.martech.ca\/index.php\/produit\/p-070-2\/"},"modified":"2017-03-01T20:14:19","modified_gmt":"2017-03-01T20:14:19","slug":"p-70-2","status":"publish","type":"product","link":"https:\/\/www.martech.qc.ca\/index\/produit\/p-70-2\/","title":{"rendered":"P-70-2"},"content":{"rendered":"<p>Les panneaux \u00abLimite de vitesse\u00bb (P-70) indiquent les limites de vitesse permises. Le P-70-2 indique la vitesse maximale\u00a0\u00e0 respecter. La limite de vitesse doit toujours \u00eatre indiqu\u00e9e par un nombre dont le dernier chiffre est 0.<\/p>\n","protected":false},"excerpt":{"rendered":"<p>Les panneaux \u00abLimite de vitesse\u00bb (P-70) indiquent les limites de vitesse permises. Le P-070-2 indique la vitesse maximale\u00a0\u00e0 respecter. La limite de vitesse doit toujours \u00eatre indiqu\u00e9e par un nombre dont le dernier chiffre est 0.<\/p>\n<p><a href=\"http:\/\/www.martech.qc.ca\/index.php\/contact\/\" rel=\"attachment wp-att-66946\"><img loading=\"lazy\" decoding=\"async\" class=\"alignnone wp-image-66946 size-full\" src=\"http:\/\/www.martech.qc.ca\/wp-content\/uploads\/2016\/02\/CONTACT_C.jpg\" alt=\"Contactez-nous pour une soumission gratuite!\" width=\"560\" height=\"74\" srcset=\"https:\/\/www.martech.qc.ca\/index\/wp-content\/uploads\/2016\/02\/CONTACT_C.jpg 560w, https:\/\/www.martech.qc.ca\/index\/wp-content\/uploads\/2016\/02\/CONTACT_C-300x40.jpg 300w\" sizes=\"(max-width: 560px) 100vw, 560px\" \/><\/a><\/p>\n","protected":false},"featured_media":67032,"comment_status":"closed","ping_status":"closed","template":"","meta":{"_acf_changed":false},"product_cat":[32],"product_tag":[69],"acf":[],"_links":{"self":[{"href":"https:\/\/www.martech.qc.ca\/index\/wp-json\/wp\/v2\/product\/67031"}],"collection":[{"href":"https:\/\/www.martech.qc.ca\/index\/wp-json\/wp\/v2\/product"}],"about":[{"href":"https:\/\/www.martech.qc.ca\/index\/wp-json\/wp\/v2\/types\/product"}],"replies":[{"embeddable":true,"href":"https:\/\/www.martech.qc.ca\/index\/wp-json\/wp\/v2\/comments?post=67031"}],"wp:featuredmedia":[{"embeddable":true,"href":"https:\/\/www.martech.qc.ca\/index\/wp-json\/wp\/v2\/media\/67032"}],"wp:attachment":[{"href":"https:\/\/www.martech.qc.ca\/index\/wp-json\/wp\/v2\/media?parent=67031"}],"wp:term":[{"taxonomy":"product_cat","embeddable":true,"href":"https:\/\/www.martech.qc.ca\/index\/wp-json\/wp\/v2\/product_cat?post=67031"},{"taxonomy":"product_tag","embeddable":true,"href":"https:\/\/www.martech.qc.ca\/index\/wp-json\/wp\/v2\/product_tag?post=67031"}],"curies":[{"name":"wp","href":"https:\/\/api.w.org\/{rel}","templated":true}]}}