{"id":66951,"date":"2016-02-25T20:29:41","date_gmt":"2016-02-25T20:29:41","guid":{"rendered":"http:\/\/wp.martech.ca\/?post_type=product&#038;p=66951"},"modified":"2018-11-21T14:21:01","modified_gmt":"2018-11-21T14:21:01","slug":"twin_flex","status":"publish","type":"product","link":"https:\/\/www.martech.qc.ca\/index\/produit\/twin_flex\/","title":{"rendered":"Support Quadra-Flex\/Twin-Flex"},"content":{"rendered":"<p>Le support amovible Twin-Flex (QuadraFlex \/ TwinFlex) est id\u00e9al pour signalisation temporaire qui doit \u00eatre mise en place rapidement. L\u00e9ger et compact, ce support est construit en aluminium et acier pour \u00eatre durable et r\u00e9sistant aux conditions venteuses du Qu\u00e9bec. Peut accommoder toiles de 75 cm par\u00a075 cm (30&nbsp;&raquo; x 30&nbsp;&raquo;) ou 90 cm par\u00a090 cm (36&nbsp;&raquo; x 36&nbsp;&raquo;) ou enseignes rigides entre 60 cm et 90 cm (24&nbsp;&raquo; \u00e0 36&nbsp;&raquo;).<\/p>\n","protected":false},"excerpt":{"rendered":"<p>Le support amovible TwinFlex\/QuadraFlex est id\u00e9al pour signalisation temporaire de chantiers qui doit \u00eatre mise en place rapidement. L\u00e9ger et compact, ce support est construit en aluminium et acier pour \u00eatre durable et r\u00e9sistant aux conditions venteuses du Qu\u00e9bec. Peut accommoder toiles de 75 cm par\u00a075 cm (30&nbsp;&raquo; x 30&nbsp;&raquo;) ou 90 cm par\u00a090 cm (36&nbsp;&raquo; x 36&nbsp;&raquo;) ou enseignes rigides entre 60 cm et 90 cm (24&nbsp;&raquo; \u00e0 36&nbsp;&raquo;).<\/p>\n<p><a href=\"http:\/\/www.martech.qc.ca\/index.php\/contact\/\" rel=\"attachment wp-att-66946\"><img loading=\"lazy\" decoding=\"async\" class=\"alignnone wp-image-66946 size-full\" src=\"http:\/\/www.martech.qc.ca\/wp-content\/uploads\/2016\/02\/CONTACT_C.jpg\" alt=\"Contactez-nous pour une soumission gratuite!\" width=\"560\" height=\"74\" srcset=\"https:\/\/www.martech.qc.ca\/index\/wp-content\/uploads\/2016\/02\/CONTACT_C.jpg 560w, https:\/\/www.martech.qc.ca\/index\/wp-content\/uploads\/2016\/02\/CONTACT_C-300x40.jpg 300w\" sizes=\"(max-width: 560px) 100vw, 560px\" \/><\/a><\/p>\n","protected":false},"featured_media":66952,"comment_status":"closed","ping_status":"closed","template":"","meta":{"_acf_changed":false},"product_cat":[30],"product_tag":[],"acf":[],"_links":{"self":[{"href":"https:\/\/www.martech.qc.ca\/index\/wp-json\/wp\/v2\/product\/66951"}],"collection":[{"href":"https:\/\/www.martech.qc.ca\/index\/wp-json\/wp\/v2\/product"}],"about":[{"href":"https:\/\/www.martech.qc.ca\/index\/wp-json\/wp\/v2\/types\/product"}],"replies":[{"embeddable":true,"href":"https:\/\/www.martech.qc.ca\/index\/wp-json\/wp\/v2\/comments?post=66951"}],"wp:featuredmedia":[{"embeddable":true,"href":"https:\/\/www.martech.qc.ca\/index\/wp-json\/wp\/v2\/media\/66952"}],"wp:attachment":[{"href":"https:\/\/www.martech.qc.ca\/index\/wp-json\/wp\/v2\/media?parent=66951"}],"wp:term":[{"taxonomy":"product_cat","embeddable":true,"href":"https:\/\/www.martech.qc.ca\/index\/wp-json\/wp\/v2\/product_cat?post=66951"},{"taxonomy":"product_tag","embeddable":true,"href":"https:\/\/www.martech.qc.ca\/index\/wp-json\/wp\/v2\/product_tag?post=66951"}],"curies":[{"name":"wp","href":"https:\/\/api.w.org\/{rel}","templated":true}]}}