{"id":66933,"date":"2016-02-25T18:53:10","date_gmt":"2016-02-25T18:53:10","guid":{"rendered":"http:\/\/wp.martech.ca\/?post_type=product&#038;p=66933"},"modified":"2022-02-16T13:40:39","modified_gmt":"2022-02-16T13:40:39","slug":"mini-post","status":"publish","type":"product","link":"https:\/\/www.martech.qc.ca\/index\/produit\/mini-post\/","title":{"rendered":"Mini-Post L7X d\u00e9lin\u00e9ateur (1,18 lb \/ pied)"},"content":{"rendered":"<p>Le poteau standard de calibre sup\u00e9rieur pour enseignes routi\u00e8res.<\/p>\n<p>Le Mini-Post, un poteau fait d&rsquo;acier form\u00e9 \u00e0 chaud en fonderie est id\u00e9al pour la petite signalisation et d\u00e9lin\u00e9ateurs. De plus, il peut \u00eatre galvanis\u00e9 ou peint pour assurer une protection efficace contre la rouille.<\/p>\n<p>Galvanisation \u00e0 chaud selon la norme ASTM-A123.<\/p>\n<p>Muni de perforations \u00e0 tous les 1&nbsp;&raquo; (2.54 cm) centre-\u00e0-centre sur toute la longueur du poteau.<\/p>\n","protected":false},"excerpt":{"rendered":"<p>Le Mini-Post, un poteau homologu\u00e9 par le MTQ L7X\u00a0 (poteau d\u00e9lin\u00e9ateur, remplacent au catadioptre), fait d&rsquo;acier form\u00e9 \u00e0 chaud en fonderie est id\u00e9al pour la petite signalisation et d\u00e9lin\u00e9ateurs. De plus, il peut \u00eatre galvanis\u00e9 ou peint pour assurer une protection efficace contre la rouille.<\/p>\n<p>Galvanisation \u00e0 chaud selon la norme ASTM-A123.<\/p>\n<p>Muni de perforations \u00e0 tous les 1&nbsp;&raquo; (2.54 cm) centre-\u00e0-centre sur toute la longueur du poteau.<\/p>\n<p><a href=\"http:\/\/www.martech.qc.ca\/index.php\/contact\/\" rel=\"attachment wp-att-66946\"><img loading=\"lazy\" decoding=\"async\" class=\"alignnone wp-image-66946 size-full\" src=\"http:\/\/www.martech.qc.ca\/wp-content\/uploads\/2016\/02\/CONTACT_C.jpg\" alt=\"Contactez-nous pour une soumission gratuite!\" width=\"560\" height=\"74\" srcset=\"https:\/\/www.martech.qc.ca\/index\/wp-content\/uploads\/2016\/02\/CONTACT_C.jpg 560w, https:\/\/www.martech.qc.ca\/index\/wp-content\/uploads\/2016\/02\/CONTACT_C-300x40.jpg 300w\" sizes=\"(max-width: 560px) 100vw, 560px\" \/><\/a><\/p>\n","protected":false},"featured_media":70641,"comment_status":"closed","ping_status":"closed","template":"","meta":{"_acf_changed":false},"product_cat":[34],"product_tag":[],"acf":[],"_links":{"self":[{"href":"https:\/\/www.martech.qc.ca\/index\/wp-json\/wp\/v2\/product\/66933"}],"collection":[{"href":"https:\/\/www.martech.qc.ca\/index\/wp-json\/wp\/v2\/product"}],"about":[{"href":"https:\/\/www.martech.qc.ca\/index\/wp-json\/wp\/v2\/types\/product"}],"replies":[{"embeddable":true,"href":"https:\/\/www.martech.qc.ca\/index\/wp-json\/wp\/v2\/comments?post=66933"}],"wp:featuredmedia":[{"embeddable":true,"href":"https:\/\/www.martech.qc.ca\/index\/wp-json\/wp\/v2\/media\/70641"}],"wp:attachment":[{"href":"https:\/\/www.martech.qc.ca\/index\/wp-json\/wp\/v2\/media?parent=66933"}],"wp:term":[{"taxonomy":"product_cat","embeddable":true,"href":"https:\/\/www.martech.qc.ca\/index\/wp-json\/wp\/v2\/product_cat?post=66933"},{"taxonomy":"product_tag","embeddable":true,"href":"https:\/\/www.martech.qc.ca\/index\/wp-json\/wp\/v2\/product_tag?post=66933"}],"curies":[{"name":"wp","href":"https:\/\/api.w.org\/{rel}","templated":true}]}}