{"id":1948,"date":"2016-02-23T08:00:07","date_gmt":"2016-02-23T08:00:07","guid":{"rendered":"http:\/\/captivademo.commercegurus.com\/?page_id=1948"},"modified":"2017-05-15T12:30:24","modified_gmt":"2017-05-15T12:30:24","slug":"about-us","status":"publish","type":"page","link":"https:\/\/www.martech.qc.ca\/index\/","title":{"rendered":"\u00c0 Propos"},"content":{"rendered":"<div class=\"cg-section\"><div class=\"wpb_row  vc_custom_1400516960764\"><div class=\"wpb_column vc_column_container vc_col-sm-12\"><div class=\"wpb_wrapper\">  \n    <div class=\"cg-strip cg-strip-wrap fade-in animate\" style=\"background-color:#000000!important; height:350px; \">\n      <div class=\"cg-strip-bg cg_parallax\" style=\"background-image:url(https:\/\/www.martech.qc.ca\/index\/wp-content\/uploads\/2016\/02\/ENTREPRISE3.jpg); \"data-center=\"background-position: 50% 50%;\" data-top-bottom=\"background-position: 50% 0%\" data-bottom-top=\"background-position: 50% 95%\"><\/div>\n        <div class=\"row\">\n          <div style=\"width:50%\"  class=\"cg-pos  valign-center halign-center animate\" data-animate=\"fadeInDown\">\n            <div class=\"cg-strip-content cg-strip-1392805146 light text-align-center\"data-center-bottom=\"opacity: 1\" data--150-top=\"opacity: 0\" data-anchor-target=\".cg-strip-1392805146\">\n<h1 style=\"text-align: center;\">Martech Signalisation Inc.<\/h1>\n<\/div>\n          <\/div>\n        <\/div>\n    <\/div>\n  <\/div><\/div><\/div><\/div><div class=\"container\"><div class=\"wpb_row  vc_custom_1412940700962\"><div class=\"wpb_column vc_column_container vc_col-sm-12\"><div class=\"wpb_wrapper\"><div class=\"vc_separator wpb_content_element vc_separator_align_left vc_sep_width_100 vc_sep_pos_align_center vc_sep_color_grey vc_separator-has-text\"><span class=\"vc_sep_holder vc_sep_holder_l\"><span  class=\"vc_sep_line\"><\/span><\/span><h4>Chef de file en signalisation depuis 1986<\/h4><span class=\"vc_sep_holder vc_sep_holder_r\"><span  class=\"vc_sep_line\"><\/span><\/span>\n<\/div><\/div><\/div><\/div><\/div><div class=\"container\"><div class=\"wpb_row \"><div class=\"wpb_column vc_column_container vc_col-sm-6\"><div class=\"wpb_wrapper\">\n\t<div class=\"wpb_text_column wpb_content_element  vc_custom_1491482126569\">\n\t\t<div class=\"wpb_wrapper\">\n\t\t\t<p>Martech, chef de file dans le domaine de l&rsquo;identification visuelle et de la signalisation est la\u00a0r\u00e9f\u00e9rence depuis plus de 30 ans.\u00a0Nous fabriquons les panneaux de signalisation dans notre usine \u00e0 Longueuil et distribuons une gamme compl\u00e8te de produits de signalisation.<\/p>\n<p>Nous sommes fiers d&rsquo;\u00eatre une entreprise familiale\u00a0qui a pour but d&rsquo;offrir le meilleur service \u00e0 nos clients.\u00a0Nous offrons une gamme compl\u00e8te de produits standards et sp\u00e9cialis\u00e9s, en plus d&rsquo;un service d&rsquo;installation de signalisation et de lettrage de v\u00e9hicules.<\/p>\n<p>Nous vous remercions de votre client\u00e8le!<\/p>\n\n\t\t<\/div>\n\t<\/div>\n<\/div><\/div><div class=\"wpb_column vc_column_container vc_col-sm-6\"><div class=\"wpb_wrapper\"><div class=\"vc_progress_bar wpb_content_element  vc_progress-bar-color-bar_blue\"><div class=\"vc_general vc_single_bar\"><small class=\"vc_label\">Signalisation<\/small><span class=\"vc_bar \" data-percentage-value=\"90\" data-value=\"90\"><\/span><\/div><div class=\"vc_general vc_single_bar\"><small class=\"vc_label\">Installation<\/small><span class=\"vc_bar \" data-percentage-value=\"80\" data-value=\"80\"><\/span><\/div><div class=\"vc_general vc_single_bar\"><small class=\"vc_label\">Lettrage<\/small><span class=\"vc_bar \" data-percentage-value=\"70\" data-value=\"70\"><\/span><\/div><\/div><\/div><\/div><\/div><\/div><div class=\"container\"><div class=\"wpb_row  vc_custom_1412940054983\"><div class=\"wpb_column vc_column_container vc_col-sm-12\"><div class=\"wpb_wrapper\"><div class=\"vc_separator wpb_content_element vc_separator_align_center vc_sep_width_100 vc_sep_pos_align_center vc_sep_color_grey vc_separator-has-text\"><span class=\"vc_sep_holder vc_sep_holder_l\"><span  class=\"vc_sep_line\"><\/span><\/span><h4>L'AVANTAGE MARTECH<\/h4><span class=\"vc_sep_holder vc_sep_holder_r\"><span  class=\"vc_sep_line\"><\/span><\/span>\n<\/div><\/div><\/div><\/div><\/div><div class=\"cg-section\"><div class=\"wpb_row  mt50 vc_custom_1400516970410\" style=\"color: #3a3a3a;\"><div class=\"container\"><div class=\"wpb_column vc_column_container vc_col-sm-3 vc_custom_1433408184348\"><div class=\"wpb_wrapper\"><div class=\"vc_empty_space\"  style=\"height: 10px\" ><span class=\"vc_empty_space_inner\"><\/span><\/div>\n<div\n\tclass=\"vc_icon_element vc_icon_element-outer vc_icon_element-align-center\">\n\t<div class=\"vc_icon_element-inner vc_icon_element-color-black vc_icon_element-size-xl vc_icon_element-style- vc_icon_element-background-color-grey\"><span class=\"vc_icon_element-icon vc_li vc_li-heart\" ><\/span><\/div>\n<\/div>\n\n\t<div class=\"wpb_text_column wpb_content_element \">\n\t\t<div class=\"wpb_wrapper\">\n\t\t\t<h4 style=\"text-align: center;\">UN SERVICE HORS PAIR<\/h4>\n<p style=\"text-align: center;\">Chez Martech, une entreprise familiale, vous aurez toujours droit \u00e0 un service personnalis\u00e9 avec l\u2019un de nos conseillers experts en signalisation. Les besoins de nos clients ont toujours \u00e9t\u00e9 notre\u00a0priorit\u00e9. Soumissions gratuites et r\u00e9ponses rapides!<\/p>\n\n\t\t<\/div>\n\t<\/div>\n<\/div><\/div><div class=\"wpb_column vc_column_container vc_col-sm-3 vc_custom_1433408353637\"><div class=\"wpb_wrapper\"><div class=\"vc_empty_space\"  style=\"height: 10px\" ><span class=\"vc_empty_space_inner\"><\/span><\/div>\n<div\n\tclass=\"vc_icon_element vc_icon_element-outer vc_icon_element-align-center\">\n\t<div class=\"vc_icon_element-inner vc_icon_element-color-black vc_icon_element-size-xl vc_icon_element-style- vc_icon_element-background-color-grey\"><span class=\"vc_icon_element-icon vc_li vc_li-star\" ><\/span><\/div>\n<\/div>\n\n\t<div class=\"wpb_text_column wpb_content_element \">\n\t\t<div class=\"wpb_wrapper\">\n\t\t\t<h4 style=\"text-align: center;\">QUALIT\u00c9 SUP\u00c9RIEURE<\/h4>\n<p style=\"text-align: center;\">Nos produits sont de la plus haute qualit\u00e9: nous suivons les normes rigoureuses du Minist\u00e8re des Transports du Qu\u00e9bec (MTQ) en plus d&rsquo;\u00eatre \u00a0<a href=\"http:\/\/sciencecentre.3mcanada.ca\/sc\/why-one-leading-traffic-sign-manufacturer-chooses-3m\/\">fabricant de panneaux certifi\u00e9 par 3M<\/a>. Avec nous, vous aurez toujours le meilleur en signalisation.<\/p>\n\n\t\t<\/div>\n\t<\/div>\n<\/div><\/div><div class=\"wpb_column vc_column_container vc_col-sm-3 vc_custom_1433408362893\"><div class=\"wpb_wrapper\"><div class=\"vc_empty_space\"  style=\"height: 10px\" ><span class=\"vc_empty_space_inner\"><\/span><\/div>\n<div\n\tclass=\"vc_icon_element vc_icon_element-outer vc_icon_element-align-center\">\n\t<div class=\"vc_icon_element-inner vc_icon_element-color-black vc_icon_element-size-xl vc_icon_element-style- vc_icon_element-background-color-grey\"><span class=\"vc_icon_element-icon vc_li vc_li-params\" ><\/span><\/div>\n<\/div>\n\n\t<div class=\"wpb_text_column wpb_content_element \">\n\t\t<div class=\"wpb_wrapper\">\n\t\t\t<h4 style=\"text-align: center;\">PRIX DES PLUS CONCURRENTIELS<\/h4>\n<p style=\"text-align: center;\">Nous proposons toujours l&rsquo;option la plus adapt\u00e9e \u00e0 vos besoins. Chez Martech, vous recevrez toujours le prix le plus concurrentiel.\u00a0<a href=\"http:\/\/wp.martech.ca\/index.php\/contact\/\">Demandez une soumission d\u00e8s aujourd&rsquo;hui!<\/a><\/p>\n\n\t\t<\/div>\n\t<\/div>\n<\/div><\/div><div class=\"wpb_column vc_column_container vc_col-sm-3 vc_custom_1433408369694\"><div class=\"wpb_wrapper\"><div class=\"vc_empty_space\"  style=\"height: 10px\" ><span class=\"vc_empty_space_inner\"><\/span><\/div>\n<div\n\tclass=\"vc_icon_element vc_icon_element-outer vc_icon_element-align-center\">\n\t<div class=\"vc_icon_element-inner vc_icon_element-color-black vc_icon_element-size-xl vc_icon_element-style- vc_icon_element-background-color-grey\"><span class=\"vc_icon_element-icon vc_li vc_li-news\" ><\/span><\/div>\n<\/div>\n\n\t<div class=\"wpb_text_column wpb_content_element \">\n\t\t<div class=\"wpb_wrapper\">\n\t\t\t<h4 style=\"text-align: center;\">PRODUITS ET SERVICES<\/h4>\n<p style=\"text-align: center;\">Des produits les plus standardis\u00e9s au sur-mesure le plus sp\u00e9cialis\u00e9, Martech saura subvenir \u00e0 vos besoins en signalisation. En plus de produits finis et mat\u00e9riaux, nous\u00a0offrons une gamme compl\u00e8te de services d&rsquo;installation et de lettrage de v\u00e9hicules.<\/p>\n\n\t\t<\/div>\n\t<\/div>\n<\/div><\/div><\/div><\/div><\/div>\n","protected":false},"excerpt":{"rendered":"Martech Signalisation Inc. Chef de file en signalisation depuis 1986 Martech, chef de file dans le domaine de l'identification visuelle et de la signalisation est la\u00a0r\u00e9f\u00e9rence depuis plus de 30 ans.\u00a0Nous fabriquons les panneaux de signalisation dans notre usine \u00e0 Longueuil et distribuons une gamme compl\u00e8te de produits de signalisation. Nous sommes fiers d'\u00eatre une [...]","protected":false},"author":1,"featured_media":0,"parent":0,"menu_order":0,"comment_status":"open","ping_status":"open","template":"page-full-width.php","meta":{"_acf_changed":false,"footnotes":""},"acf":[],"_links":{"self":[{"href":"https:\/\/www.martech.qc.ca\/index\/wp-json\/wp\/v2\/pages\/1948"}],"collection":[{"href":"https:\/\/www.martech.qc.ca\/index\/wp-json\/wp\/v2\/pages"}],"about":[{"href":"https:\/\/www.martech.qc.ca\/index\/wp-json\/wp\/v2\/types\/page"}],"author":[{"embeddable":true,"href":"https:\/\/www.martech.qc.ca\/index\/wp-json\/wp\/v2\/users\/1"}],"replies":[{"embeddable":true,"href":"https:\/\/www.martech.qc.ca\/index\/wp-json\/wp\/v2\/comments?post=1948"}],"version-history":[{"count":23,"href":"https:\/\/www.martech.qc.ca\/index\/wp-json\/wp\/v2\/pages\/1948\/revisions"}],"predecessor-version":[{"id":71493,"href":"https:\/\/www.martech.qc.ca\/index\/wp-json\/wp\/v2\/pages\/1948\/revisions\/71493"}],"wp:attachment":[{"href":"https:\/\/www.martech.qc.ca\/index\/wp-json\/wp\/v2\/media?parent=1948"}],"curies":[{"name":"wp","href":"https:\/\/api.w.org\/{rel}","templated":true}]}}